{"id":1842,"date":"2022-05-25T19:54:58","date_gmt":"2022-05-25T19:54:58","guid":{"rendered":"https:\/\/eccb2022.org\/?page_id=1842"},"modified":"2022-07-01T08:45:44","modified_gmt":"2022-07-01T08:45:44","slug":"ntb-w05","status":"publish","type":"page","link":"https:\/\/eccb2022.org\/ntb-w05\/","title":{"rendered":"NTB-W05"},"content":{"rendered":"\n<div class=\"wp-block-stackable-heading stk-block-heading stk-block stk-6f6b038\" data-block-id=\"6f6b038\"><style>.stk-6f6b038 .stk-block-heading__bottom-line{height:1px !important;background-color:var(u002du002dpaletteColor2,#f7b032) !important;margin-top:12px !important}<\/style><h5 class=\"stk-block-heading__text\"><span style=\"color: var(--paletteColor4, #0081a7);\" class=\"stk-highlight\"><strong>Title<\/strong><\/span><\/h5><div class=\"stk-block-heading__bottom-line\"><\/div><\/div>\n\n\n\n<div class=\"wp-block-stackable-heading stk-block-heading stk-block stk-2ab9748\" data-block-id=\"2ab9748\"><h3 class=\"stk-block-heading__text\">Building high-quality reference genome assemblies of eukaryotes<\/h3><\/div>\n\n\n\n<div class=\"wp-block-stackable-heading stk-block-heading stk-block stk-77074a6\" data-block-id=\"77074a6\"><style>.stk-77074a6 .stk-block-heading__bottom-line{height:1px !important;background-color:var(u002du002dpaletteColor2,#f7b032) !important;margin-top:12px !important}<\/style><h5 class=\"stk-block-heading__text\"><span style=\"color: var(--paletteColor4, #0081a7);\" class=\"stk-highlight\"><strong><span style=\"color: var(--paletteColor4, #0081a7);\" class=\"stk-highlight\"><span style=\"color: var(--paletteColor4, #1a928e);\" class=\"stk-highlight\"><span style=\"color: var(--paletteColor4, #0081a7);\" class=\"stk-highlight\">Workshop details<\/span><\/span><\/span><\/strong><\/span><\/h5><div class=\"stk-block-heading__bottom-line\"><\/div><\/div>\n\n\n\n<ul><li>Date: Wed, September 14th<\/li><li>Time: 13:30 to 16:30 CEST<\/li><li>Format: Virtual<\/li><\/ul>\n\n\n\n<div class=\"wp-block-stackable-heading stk-block-heading stk-block stk-0994530\" data-block-id=\"0994530\"><style>.stk-0994530 .stk-block-heading__bottom-line{height:1px !important;background-color:var(u002du002dpaletteColor2,#f7b032) !important;margin-top:12px !important}<\/style><h5 class=\"stk-block-heading__text\"><span style=\"color: var(--paletteColor4, #0081a7);\" class=\"stk-highlight\"><strong>Organisers<\/strong><\/span><\/h5><div class=\"stk-block-heading__bottom-line\"><\/div><\/div>\n\n\n\n<ul><li><strong>Nad\u00e8ge Guiglielmoni<\/strong>, Institut f\u00fcr Zoologie, Universit\u00e4t zu K\u00f6ln, Cologne (Germany)<\/li><li><strong>Joanna Malukiewicz<\/strong>, Deutsches Primatenzentrum, G\u00f6ttingen, Germany and Institute of Tropical Medicine, University of Sao Paulo, Sao Paulo (Brazil)<\/li><li><strong>Lino Ometto<\/strong>, Department of Biology and Biotechnology, University of Pavia, Pavia (Italy)<\/li><li><strong>Robert Waterhouse<\/strong>, Department of Ecology and Evolution, University of Lausanne and Swiss Institute of Bioinformatics, Lausanne (Switzerland)<\/li><\/ul>\n\n\n\n<div class=\"wp-block-stackable-heading stk-block-heading stk-block stk-4a8e43e\" data-block-id=\"4a8e43e\"><style>.stk-4a8e43e .stk-block-heading__bottom-line{height:1px !important;background-color:var(u002du002dpaletteColor2,#f7b032) !important;margin-top:12px !important}<\/style><h5 class=\"stk-block-heading__text\">Topic<\/h5><div class=\"stk-block-heading__bottom-line\"><\/div><\/div>\n\n\n\n<p>This workshop aims to introduce methods for chromosome-level genome assembly of eukaryote species using long reads and Hi-C, and to evaluate the quality of these assemblies<\/p>\n\n\n\n<div class=\"wp-block-stackable-heading stk-block-heading stk-block stk-4cdfd01\" data-block-id=\"4cdfd01\"><style>.stk-4cdfd01 .stk-block-heading__bottom-line{height:1px !important;background-color:var(u002du002dpaletteColor2,#f7b032) !important;margin-top:12px !important}<\/style><h5 class=\"stk-block-heading__text\">Abstract<\/h5><div class=\"stk-block-heading__bottom-line\"><\/div><\/div>\n\n\n\n<p>The field of genome assembly has been thriving with the continuous improvement of sequencing methods. These advances have prompted bold initiatives to generate high-quality genomes for Earth\u2019s biodiversity, being coordinated in Europe by the European Reference Genome Atlas (ERGA) initiative and globally by the Earth BioGenome Project. Changing technologies and increasing volumes of data necessitate constant algorithmic innovations and developments to take advantage of the specificities of heterogeneous sequencing datasets. The combination of long reads and Hi-C have now become a gold standard for genome projects to yield reference chromosome-level assemblies, yet large eukaryote genomes remain challenging due to their variable levels of heterozygosity and repetitive content. This workshop aims to gather experts to summarise the latest advances in genome assembly, scaffolding, and assembly evaluation, and lead the discussions on scientific and technical challenges. This is motivated by needs in the community to exchange research ideas and share practical experiences of getting the best results from data generated by the latest technologies. The workshop is also motivated by a desire to engage computational biologists from further afield to bring their algorithmic expertise to the discussions and the task of genome assembly. The scope is focused on eukaryotic biodiversity which presents many different challenges in terms of sequencing and assembly, that the field as a whole is currently working to address.<\/p>\n\n\n\n<div class=\"wp-block-stackable-heading stk-block-heading stk-block stk-cdd954b\" data-block-id=\"cdd954b\"><style>.stk-cdd954b .stk-block-heading__bottom-line{height:1px !important;background-color:var(u002du002dpaletteColor2,#f7b032) !important;margin-top:12px !important}<\/style><h5 class=\"stk-block-heading__text\">Target Audience<\/h5><div class=\"stk-block-heading__bottom-line\"><\/div><\/div>\n\n\n\n<p>Researchers who want to assemble genomes and to have an overview of the field, as well as bioinformaticians and computer scientists who could address algorithm issues<\/p>\n\n\n\n<div class=\"wp-block-stackable-heading stk-block-heading stk-block stk-d485913\" data-block-id=\"d485913\"><style>.stk-d485913 .stk-block-heading__bottom-line{height:1px !important;background-color:var(u002du002dpaletteColor2,#f7b032) !important;margin-top:12px !important}<\/style><h5 class=\"stk-block-heading__text\">Programme<\/h5><div class=\"stk-block-heading__bottom-line\"><\/div><\/div>\n\n\n\n<figure class=\"wp-block-table tabla-ntb is-style-regular\" style=\"font-size:15px\"><table><thead><tr><th class=\"has-text-align-left\" data-align=\"left\"> <strong>T<\/strong>IME<\/th><th class=\"has-text-align-left\" data-align=\"left\"><strong>CONTENT<\/strong><\/th><\/tr><\/thead><tbody><tr><td class=\"has-text-align-left\" data-align=\"left\"><strong><span style=\"color: var(--paletteColor4, #0081a7);\" class=\"stk-highlight\">13:30 &#8211; 14:30<\/span><\/strong><\/td><td class=\"has-text-align-left\" data-align=\"left\"><strong>Long-read assembly <br><\/strong><span style=\"color: #444444;\" class=\"stk-highlight\">Rayan Chikhi, Institut Pasteur, Paris (France)<\/span><\/td><\/tr><tr><td class=\"has-text-align-left\" data-align=\"left\"><strong><span style=\"color: var(--paletteColor4, #0081a7);\" class=\"stk-highlight\">14:30 &#8211; 15:30<\/span><\/strong><\/td><td class=\"has-text-align-left\" data-align=\"left\"><strong>Assembly post-processing<\/strong><br><span style=\"color: #444444;\" class=\"stk-highlight\">Nad\u00e8ge Guiglielmoni, Universit\u00e4t zu K\u00f6ln, Cologne (Germany)<br>Lyam Baudry, Universit\u00e9 de Lausanne, Lausanne (Switzerland)<br>Ann M. McCartney,\u00a0National Institutes of Health, Bethesda (USA)<\/span><\/td><\/tr><tr><td class=\"has-text-align-left\" data-align=\"left\"><strong><span style=\"color: var(--paletteColor4, #0081a7);\" class=\"stk-highlight\">15:30 &#8211; 16:30<\/span><\/strong><\/td><td class=\"has-text-align-left\" data-align=\"left\"><strong>Finishing a genome assembly<\/strong><br><span style=\"color: #444444;\" class=\"stk-highlight\">Matthew Berkeley,\u00a0Swiss Institute of Bioinformatics, Geneva (Switzerland)<br>Mathieu Seppey, Universit\u00e9 de Gen\u00e8ve, Geneva (Switzerland)<br>Tanja Schwander, Universit\u00e9 de Lausanne, Lausanne (Switzerland)<\/span><\/td><\/tr><\/tbody><\/table><\/figure>\n","protected":false},"excerpt":{"rendered":"<p>Title Building high-quality reference genome assemblies of eukaryotes Workshop details Date: Wed, September 14th Time: 13:30 to 16:30 CEST Format: Virtual Organisers Nad\u00e8ge Guiglielmoni, Institut f\u00fcr Zoologie, Universit\u00e4t zu K\u00f6ln, Cologne (Germany) Joanna Malukiewicz, Deutsches Primatenzentrum, G\u00f6ttingen, Germany and Institute of Tropical Medicine, University of Sao Paulo, Sao Paulo (Brazil) Lino Ometto, Department of Biology and Biotechnology, University of Pavia, Pavia (Italy) Robert Waterhouse, Department of Ecology and Evolution, University of Lausanne and Swiss Institute of Bioinformatics, Lausanne (Switzerland) Topic This workshop aims to introduce methods for chromosome-level genome assembly of eukaryote species using long reads and Hi-C, and to\u2026<\/p>\n","protected":false},"author":2,"featured_media":0,"parent":0,"menu_order":0,"comment_status":"closed","ping_status":"closed","template":"","meta":[],"blocksy_meta":{"styles_descriptor":{"styles":{"desktop":"","tablet":"","mobile":""},"google_fonts":[],"version":4},"page_title_panel":"","has_hero_section":"default","7b9ded946d4680066060ddae606a4869":"","hero_section":"type-1","hero_elements":[{"id":"custom_title","enabled":true,"heading_tag":"h1","title":"Inicio"},{"id":"custom_description","enabled":true,"description_visibility":{"desktop":true,"tablet":true,"mobile":false}},{"id":"custom_meta","enabled":false,"meta_elements":[{"id":"author","enabled":true,"label":"Por","has_author_avatar":"yes","avatar_size":25},{"id":"post_date","enabled":true,"label":"El","date_format_source":"default","date_format":"M j, Y"},{"id":"updated_date","enabled":false,"label":"El","date_format_source":"default","date_format":"M j, Y"},{"id":"categories","enabled":false,"label":"Dentro","style":"simple"},{"id":"comments","enabled":true}],"page_meta_elements":{"joined":true,"articles_count":true,"comments":true}},{"id":"breadcrumbs","enabled":false}],"7e7ee7f45a5eac24c3975bb449faee22":"","hero_alignment1":"CT_CSS_SKIP_RULE","hero_margin":40,"hero_alignment2":"center","hero_vertical_alignment":"center","d1ec673d633ad68747a95aca445fd9cb":"","hero_structure":"narrow","9134ae46ae942dc09e310cecafbb9abc":"","page_title_bg_type":"featured_image","custom_hero_background":{"attachment_id":null},"parallax":{"desktop":false,"tablet":false,"mobile":false},"af2025ba232bd9346392fb881545369c":"","hero_height":"250px","pageTitleFont":{"family":"Default","variation":"Default","size":"30px","line-height":"CT_CSS_SKIP_RULE","letter-spacing":"CT_CSS_SKIP_RULE","text-transform":"CT_CSS_SKIP_RULE","text-decoration":"CT_CSS_SKIP_RULE"},"pageTitleFontColor":{"default":{"color":"CT_CSS_SKIP_RULEDEFAULT"}},"pageMetaFont":{"family":"Default","variation":"n6","size":"12px","line-height":"1.3","letter-spacing":"CT_CSS_SKIP_RULE","text-transform":"uppercase","text-decoration":"CT_CSS_SKIP_RULE"},"pageMetaFontColor":{"default":{"color":"CT_CSS_SKIP_RULEDEFAULT"},"hover":{"color":"CT_CSS_SKIP_RULEDEFAULT"}},"page_meta_button_type_font_colors":{"default":{"color":"CT_CSS_SKIP_RULEDEFAULT"},"hover":{"color":"CT_CSS_SKIP_RULEDEFAULT"}},"page_meta_button_type_background_colors":{"default":{"color":"CT_CSS_SKIP_RULEDEFAULT"},"hover":{"color":"CT_CSS_SKIP_RULEDEFAULT"}},"pageExcerptFont":{"family":"Default","variation":"Default","size":"CT_CSS_SKIP_RULE","line-height":"CT_CSS_SKIP_RULE","letter-spacing":"CT_CSS_SKIP_RULE","text-transform":"CT_CSS_SKIP_RULE","text-decoration":"CT_CSS_SKIP_RULE"},"pageExcerptColor":{"default":{"color":"CT_CSS_SKIP_RULEDEFAULT"}},"breadcrumbsFont":{"family":"Default","variation":"Default","size":"CT_CSS_SKIP_RULE","line-height":"CT_CSS_SKIP_RULE","letter-spacing":"CT_CSS_SKIP_RULE","text-transform":"CT_CSS_SKIP_RULE","text-decoration":"CT_CSS_SKIP_RULE"},"breadcrumbsFontColor":{"default":{"color":"CT_CSS_SKIP_RULEDEFAULT"},"initial":{"color":"CT_CSS_SKIP_RULEDEFAULT"},"hover":{"color":"CT_CSS_SKIP_RULEDEFAULT"}},"pageTitleOverlay":{"background_type":"color","background_pattern":"type-1","background_image":{"attachment_id":null,"x":0,"y":0},"gradient":"linear-gradient(135deg,rgba(6,147,227,1) 0%,rgb(155,81,224) 100%)","background_repeat":"repeat","background_size":"auto","background_attachment":"scroll","patternColor":{"default":{"color":"#e5e7ea"}},"overlayColor":{"default":{"color":"CT_CSS_SKIP_RULE"}},"backgroundColor":{"default":{"color":"CT_CSS_SKIP_RULE"}}},"pageTitleBackground":{"background_type":"color","background_pattern":"type-1","background_image":{"attachment_id":null,"x":0,"y":0},"gradient":"linear-gradient(135deg,rgba(6,147,227,1) 0%,rgb(155,81,224) 100%)","background_repeat":"repeat","background_size":"auto","background_attachment":"scroll","patternColor":{"default":{"color":"#e5e7ea"}},"overlayColor":{"default":{"color":"CT_CSS_SKIP_RULE"}},"backgroundColor":{"default":{"color":"var(--paletteColor6)"}}},"pageTitlePadding":{"top":"50px","bottom":"50px","left":"auto","right":"auto","linked":true},"ff59f1ce76d65ee65bad3f06718272f6":"","page_structure_type":"type-3","9015a680e092b06588ef574280471413":"","content_style_source":"inherit","content_style":"wide","vertical_spacing_source":"inherit","content_area_spacing":"both","background":{"background_type":"color","background_pattern":"type-1","background_image":{"attachment_id":null,"x":0,"y":0},"gradient":"linear-gradient(135deg,rgba(6,147,227,1) 0%,rgb(155,81,224) 100%)","background_repeat":"repeat","background_size":"auto","background_attachment":"scroll","patternColor":{"default":{"color":"#e5e7ea"}},"overlayColor":{"default":{"color":"CT_CSS_SKIP_RULE"}},"backgroundColor":{"default":{"color":"CT_CSS_SKIP_RULE"}}},"content_background":{"background_type":"color","background_pattern":"type-1","background_image":{"attachment_id":null,"x":0,"y":0},"gradient":"linear-gradient(135deg,rgba(6,147,227,1) 0%,rgb(155,81,224) 100%)","background_repeat":"repeat","background_size":"auto","background_attachment":"scroll","patternColor":{"default":{"color":"#e5e7ea"}},"overlayColor":{"default":{"color":"CT_CSS_SKIP_RULE"}},"backgroundColor":{"default":{"color":"var(--paletteColor8)"}}},"content_boxed_shadow":{"inherit":false,"blur":18,"spread":-6,"v_offset":12,"h_offset":0,"inset":false,"enable":true,"color":{"color":"rgba(34, 56, 101, 0.04)"}},"boxed_content_spacing":{"desktop":{"top":"40px","bottom":"40px","left":"40px","right":"40px","linked":true},"tablet":{"top":"35px","bottom":"35px","left":"35px","right":"35px","linked":true},"mobile":{"top":"20px","bottom":"20px","left":"20px","right":"20px","linked":true}},"content_boxed_radius":{"top":"3px","bottom":"3px","left":"3px","right":"3px","linked":true},"c17a8304e5e66c0922c2d4f80257a4e2":"","disable_featured_image":"no","disable_share_box":"no","disable_header":"no","disable_footer":"no"},"featured_image_urls":{"full":"","thumbnail":"","medium":"","medium_large":"","large":"","1536x1536":"","2048x2048":""},"post_excerpt_stackable":"<p>Title Building high-quality reference genome assemblies of eukaryotes Workshop details Date: Wed, September 14thTime: 13:30 to 16:30 CESTFormat: Virtual Organisers Nad\u00e8ge Guiglielmoni, Institut f\u00fcr Zoologie, Universit\u00e4t zu K\u00f6ln, Cologne (Germany)Joanna Malukiewicz, Deutsches Primatenzentrum, G\u00f6ttingen, Germany and Institute of Tropical Medicine, University of Sao Paulo, Sao Paulo (Brazil)Lino Ometto, Department of Biology and Biotechnology, University of Pavia, Pavia (Italy)Robert Waterhouse, Department of Ecology and Evolution, University of Lausanne and Swiss Institute of Bioinformatics, Lausanne (Switzerland) Topic This workshop aims to introduce methods for chromosome-level genome assembly of eukaryote species using long reads and Hi-C, and to evaluate the quality of these&hellip;<\/p>\n","category_list":"","author_info":{"name":"victorcuencaharo","url":"https:\/\/eccb2022.org\/author\/victorcuencaharo\/"},"comments_num":"0 comments","_links":{"self":[{"href":"https:\/\/eccb2022.org\/wp-json\/wp\/v2\/pages\/1842"}],"collection":[{"href":"https:\/\/eccb2022.org\/wp-json\/wp\/v2\/pages"}],"about":[{"href":"https:\/\/eccb2022.org\/wp-json\/wp\/v2\/types\/page"}],"author":[{"embeddable":true,"href":"https:\/\/eccb2022.org\/wp-json\/wp\/v2\/users\/2"}],"replies":[{"embeddable":true,"href":"https:\/\/eccb2022.org\/wp-json\/wp\/v2\/comments?post=1842"}],"version-history":[{"count":11,"href":"https:\/\/eccb2022.org\/wp-json\/wp\/v2\/pages\/1842\/revisions"}],"predecessor-version":[{"id":2438,"href":"https:\/\/eccb2022.org\/wp-json\/wp\/v2\/pages\/1842\/revisions\/2438"}],"wp:attachment":[{"href":"https:\/\/eccb2022.org\/wp-json\/wp\/v2\/media?parent=1842"}],"curies":[{"name":"wp","href":"https:\/\/api.w.org\/{rel}","templated":true}]}}